{"id":449,"date":"2024-07-31T07:23:01","date_gmt":"2024-07-31T06:23:01","guid":{"rendered":"https:\/\/dev.homeogarden.com\/sl\/?page_id=449"},"modified":"2024-12-12T10:49:55","modified_gmt":"2024-12-12T09:49:55","slug":"popusti","status":"publish","type":"page","link":"https:\/\/dev.homeogarden.com\/sl\/popusti\/","title":{"rendered":"Popusti"},"content":{"rendered":"\n  <div class=\"banner has-hover hide-for-small\" id=\"banner-1115706827\">\n          <div class=\"banner-inner fill\">\n        <div class=\"banner-bg fill\" >\n            <img fetchpriority=\"high\" decoding=\"async\" width=\"1020\" height=\"116\" src=\"https:\/\/dev.homeogarden.com\/sl\/wp-content\/uploads\/sites\/2\/2024\/09\/Popusti_desktop.jpg\" class=\"bg attachment-large size-large\" alt=\"\" \/>                        <div class=\"overlay\"><\/div>            \n                    <\/div>\n\t\t\n        <div class=\"banner-layers container\">\n            <div class=\"fill banner-link\"><\/div>            \n\n   <div id=\"text-box-1823754015\" class=\"text-box banner-layer x50 md-x50 lg-x50 y50 md-y50 lg-y50 res-text\">\n                                <div class=\"text-box-content text dark\">\n              \n              <div class=\"text-inner text-left\">\n                  \n\n<h1 class=\"intro-cat-title\">HomeOgarden POPUSTI<\/h1>\n<p class=\"intro-cat-sub-text\">Izkoristite aktualne akcije na sezonske izdelke za organsko vrtnarjenje in sobne rastline.<\/p>\n\n              <\/div>\n           <\/div>\n                            \n<style>\n#text-box-1823754015 .text-inner {\n  padding: 0px 15px 0px 15px;\n}\n#text-box-1823754015 {\n  width: 100%;\n}\n#text-box-1823754015 .text-box-content {\n  font-size: 100%;\n}\n<\/style>\n    <\/div>\n \n\n        <\/div>\n      <\/div>\n\n            \n<style>\n#banner-1115706827 {\n  padding-top: 200px;\n}\n#banner-1115706827 .overlay {\n  background-color: rgba(0, 0, 0, 0.5);\n}\n#banner-1115706827 .banner-bg img {\n  object-position: 1% 40%;\n}\n<\/style>\n  <\/div>\n\n\n\n  <div class=\"banner has-hover show-for-small\" id=\"banner-1454027856\">\n          <div class=\"banner-inner fill\">\n        <div class=\"banner-bg fill\" >\n            <img decoding=\"async\" width=\"375\" height=\"320\" src=\"https:\/\/dev.homeogarden.com\/sl\/wp-content\/uploads\/sites\/2\/2024\/09\/Popusti_mobile.jpg\" class=\"bg attachment-large size-large\" alt=\"\" \/>                        <div class=\"overlay\"><\/div>            \n                    <\/div>\n\t\t\n        <div class=\"banner-layers container\">\n            <div class=\"fill banner-link\"><\/div>            \n\n   <div id=\"text-box-1187160766\" class=\"text-box banner-layer x50 md-x50 lg-x50 y50 md-y50 lg-y50 res-text\">\n                                <div class=\"text-box-content text dark\">\n              \n              <div class=\"text-inner text-left\">\n                  \n\n<h1 class=\"intro-cat-title\">HomeOgarden<br \/>POPUSTI<\/h1>\n<p class=\"intro-cat-sub-text\">Izkoristite aktualne akcije na sezonske izdelke za organsko vrtnarjenje in sobne rastline.<\/p>\n\n              <\/div>\n           <\/div>\n                            \n<style>\n#text-box-1187160766 .text-inner {\n  padding: 0px 15px 0px 15px;\n}\n#text-box-1187160766 {\n  width: 100%;\n}\n#text-box-1187160766 .text-box-content {\n  font-size: 100%;\n}\n<\/style>\n    <\/div>\n \n\n        <\/div>\n      <\/div>\n\n            \n<style>\n#banner-1454027856 {\n  padding-top: 320px;\n}\n#banner-1454027856 .overlay {\n  background-color: rgba(0, 0, 0, 0.5);\n}\n#banner-1454027856 .banner-bg img {\n  object-position: 1% 40%;\n}\n@media (min-width:550px) {\n  #banner-1454027856 {\n    padding-top: 200px;\n  }\n  #banner-1454027856 .overlay {\n    background-color: rgba(0, 0, 0, 0);\n  }\n}\n<\/style>\n  <\/div>\n\n\n\t\n  \n    <div class=\"row  equalize-box large-columns-4 medium-columns-3 small-columns-2 row-small slider row-slider slider-nav-circle slider-nav-push\"  data-flickity-options='{&quot;imagesLoaded&quot;: true, &quot;groupCells&quot;: &quot;100%&quot;, &quot;dragThreshold&quot; : 5, &quot;cellAlign&quot;: &quot;left&quot;,&quot;wrapAround&quot;: true,&quot;prevNextButtons&quot;: true,&quot;percentPosition&quot;: true,&quot;pageDots&quot;: true, &quot;rightToLeft&quot;: false, &quot;autoPlay&quot; : false}' >\n\n  \n\t     <div class=\"product-small col has-hover product type-product post-163917 status-publish first instock product_cat-uncategorized sale virtual taxable purchasable product-type-bundle\">\r\n\t<div class=\"col-inner\">\r\n\t\t\n<div class=\"badge-container absolute left top z-1\">\n<div class=\"callout badge badge-circle\"><div class=\"badge-inner secondary on-sale\"><span class=\"onsale\">Akcija!<\/span><\/div><\/div>\n<\/div>\n\t\t<div class=\"product-small box \">\r\n\t\t\t<div class=\"box-image\">\r\n\t\t\t\t\t\t\t\t<div class=\"image-zoom_in\">\r\n\t\t\t\t\t<a href=\"https:\/\/dev.homeogarden.com\/sl\/tets2\/\" aria-label=\"Tets2\">\r\n\t\t\t\t\t\t<img decoding=\"async\" width=\"600\" height=\"600\" src=\"https:\/\/dev.homeogarden.com\/sl\/wp-content\/uploads\/sites\/2\/woocommerce-placeholder-600x600.png\" class=\"woocommerce-placeholder wp-post-image\" alt=\"Vsebnik\" srcset=\"https:\/\/dev.homeogarden.com\/sl\/wp-content\/uploads\/sites\/2\/woocommerce-placeholder-600x600.png 600w, https:\/\/dev.homeogarden.com\/sl\/wp-content\/uploads\/sites\/2\/woocommerce-placeholder-300x300.png 300w, https:\/\/dev.homeogarden.com\/sl\/wp-content\/uploads\/sites\/2\/woocommerce-placeholder-1024x1024.png 1024w, https:\/\/dev.homeogarden.com\/sl\/wp-content\/uploads\/sites\/2\/woocommerce-placeholder-150x150.png 150w, https:\/\/dev.homeogarden.com\/sl\/wp-content\/uploads\/sites\/2\/woocommerce-placeholder-768x768.png 768w, https:\/\/dev.homeogarden.com\/sl\/wp-content\/uploads\/sites\/2\/woocommerce-placeholder.png 1200w\" sizes=\"(max-width: 600px) 100vw, 600px\" \/>\t\t\t\t\t<\/a>\r\n\t\t\t\t<\/div>\r\n\t\t\t\t<div class=\"image-tools is-small top right show-on-hover\">\r\n\t\t\t\t\t\t\t\t\t<\/div>\r\n\t\t\t\t<div class=\"image-tools is-small hide-for-small bottom left show-on-hover\">\r\n\t\t\t\t\t\t\t\t\t<\/div>\r\n\t\t\t\t<div class=\"image-tools grid-tools text-center hide-for-small bottom hover-slide-in show-on-hover\">\r\n\t\t\t\t\t\t\t\t\t<\/div>\r\n\t\t\t\t\t\t\t<\/div>\r\n\r\n\t\t\t<div class=\"box-text box-text-products\">\r\n\t\t\t\t<span class=\"stars\"><a href=\"javascript:void(0);\" class=\"star-5\"><\/a><\/span><div class=\"title-wrapper\"><p class=\"name product-title woocommerce-loop-product__title\"><a href=\"https:\/\/dev.homeogarden.com\/sl\/tets2\/\" class=\"woocommerce-LoopProduct-link woocommerce-loop-product__link\">Tets2<\/a><\/p><\/div><div class=\"price-wrapper\">\n\t<span class=\"price\"><del aria-hidden=\"true\"><span class=\"woocommerce-Price-amount amount\"><bdi>20,00&nbsp;<span class=\"woocommerce-Price-currencySymbol\">&euro;<\/span><\/bdi><\/span><\/del> <span class=\"screen-reader-text\">Izvirna cena je bila: 20,00&nbsp;&euro;.<\/span><ins aria-hidden=\"true\"><span class=\"woocommerce-Price-amount amount\"><bdi>10,00&nbsp;<span class=\"woocommerce-Price-currencySymbol\">&euro;<\/span><\/bdi><\/span><\/ins><span class=\"screen-reader-text\">Trenutna cena je: 10,00&nbsp;&euro;.<\/span><\/span>\n<\/div><div class=\"stock-status\"><span class=\"in-stock\">Na zalogi<\/span><\/div><div class=\"add-to-cart-button\"><a href=\"\/sl\/wp-json\/wp\/v2\/pages\/449?add-to-cart=163917\" aria-describedby=\"woocommerce_loop_add_to_cart_link_describedby_163917\" data-quantity=\"1\" class=\"primary is-small mb-0 button product_type_bundle add_to_cart_button ajax_add_to_cart is-flat\" data-product_id=\"163917\" data-product_sku=\"\" aria-label=\"Preberite si ve\u010d o &ldquo;Tets2&rdquo;\" rel=\"nofollow\">Dodaj v ko\u0161arico<\/a><\/div>\t<span id=\"woocommerce_loop_add_to_cart_link_describedby_163917\" class=\"screen-reader-text\">\n\t\t\t<\/span>\n\t\t\t<\/div>\r\n\t\t<\/div>\r\n\t\t\t<\/div>\r\n\r\n<\/div><div class=\"product-small col has-hover product type-product post-273 status-publish instock product_cat-sadilne-vrece product_tag-top-seller has-post-thumbnail sale taxable shipping-taxable purchasable product-type-variable\">\r\n\t<div class=\"col-inner\">\r\n\t\t\n<div class=\"badge-container absolute left top z-1\">\n<div class=\"callout badge badge-circle\"><div class=\"badge-inner secondary on-sale\"><span class=\"onsale\">-40%<\/span><\/div><\/div>\n<\/div>\n\t\t<div class=\"product-small box \">\r\n\t\t\t<div class=\"box-image\">\r\n\t\t\t\t<span class='hm-badge top-seller'>top seller<\/span>\t\t\t\t<div class=\"image-zoom_in\">\r\n\t\t\t\t\t<a href=\"https:\/\/dev.homeogarden.com\/sl\/sadilna-vreca-plantin-19-l\/\" aria-label=\"Sadilna vre\u010da 19 l PlantIN\">\r\n\t\t\t\t\t\t<img loading=\"lazy\" decoding=\"async\" width=\"600\" height=\"600\" src=\"https:\/\/dev.homeogarden.com\/sl\/wp-content\/uploads\/sites\/2\/2024\/07\/sadilne-vrece-plantin-19l.jpg\" class=\"attachment-woocommerce_thumbnail size-woocommerce_thumbnail\" alt=\"Sadilna vre\u010da 19 l PlantIN\" \/>\t\t\t\t\t<\/a>\r\n\t\t\t\t<\/div>\r\n\t\t\t\t<div class=\"image-tools is-small top right show-on-hover\">\r\n\t\t\t\t\t\t\t\t\t<\/div>\r\n\t\t\t\t<div class=\"image-tools is-small hide-for-small bottom left show-on-hover\">\r\n\t\t\t\t\t\t\t\t\t<\/div>\r\n\t\t\t\t<div class=\"image-tools grid-tools text-center hide-for-small bottom hover-slide-in show-on-hover\">\r\n\t\t\t\t\t\t\t\t\t<\/div>\r\n\t\t\t\t\t\t\t<\/div>\r\n\r\n\t\t\t<div class=\"box-text box-text-products\">\r\n\t\t\t\t<span class=\"stars\"><a href=\"javascript:void(0);\" class=\"star-5\"><\/a><\/span><div class=\"title-wrapper\"><p class=\"name product-title woocommerce-loop-product__title\"><a href=\"https:\/\/dev.homeogarden.com\/sl\/sadilna-vreca-plantin-19-l\/\" class=\"woocommerce-LoopProduct-link woocommerce-loop-product__link\">Sadilna vre\u010da 19 l PlantIN<\/a><\/p><\/div><div class=\"price-wrapper\">\n\t<span class=\"price\"><span class=\"woocommerce-Price-amount amount\" aria-hidden=\"true\"><bdi>3,00&nbsp;<span class=\"woocommerce-Price-currencySymbol\">&euro;<\/span><\/bdi><\/span> <span aria-hidden=\"true\">&ndash;<\/span> <span class=\"woocommerce-Price-amount amount\" aria-hidden=\"true\"><bdi>5,26&nbsp;<span class=\"woocommerce-Price-currencySymbol\">&euro;<\/span><\/bdi><\/span><span class=\"screen-reader-text\">Cenovni razpon: od 3,00&nbsp;&euro; do 5,26&nbsp;&euro;<\/span><\/span>\n<\/div><div class=\"stock-status\"><span class=\"in-stock\">Na zalogi<\/span><\/div><div class=\"add-to-cart-button\"><a href=\"https:\/\/dev.homeogarden.com\/sl\/sadilna-vreca-plantin-19-l\/\" aria-describedby=\"woocommerce_loop_add_to_cart_link_describedby_273\" data-quantity=\"1\" class=\"primary is-small mb-0 button product_type_variable add_to_cart_button is-flat\" data-product_id=\"273\" data-product_sku=\"\" aria-label=\"Izberite mo\u017enosti za &ldquo;Sadilna vre\u010da 19 l PlantIN&rdquo;\" rel=\"nofollow\">Izberite mo\u017enosti<\/a><\/div>\t<span id=\"woocommerce_loop_add_to_cart_link_describedby_273\" class=\"screen-reader-text\">\n\t\tTa izdelek ima ve\u010d razli\u010dic. Mo\u017enosti lahko izberete na strani izdelka\t<\/span>\n\t\t\t<\/div>\r\n\t\t<\/div>\r\n\t\t\t<\/div>\r\n\r\n<\/div><\/div>\n<p>&nbsp;<\/p>\n[awdr_sale_items_list]\n<div class=\"is-divider divider clearfix\" style=\"background-color:rgb(255, 255, 255);\"><\/div>\n<p>&nbsp;<\/p>\n","protected":false},"excerpt":{"rendered":"<p>&nbsp; [awdr_sale_items_list] &nbsp;<\/p>\n","protected":false},"author":1,"featured_media":0,"parent":0,"menu_order":0,"comment_status":"closed","ping_status":"closed","template":"page-blank.php","meta":{"_acf_changed":false,"footnotes":""},"class_list":["post-449","page","type-page","status-publish","hentry"],"acf":[],"yoast_head":"<!-- This site is optimized with the Yoast SEO Premium plugin v24.0 (Yoast SEO v25.6) - https:\/\/yoast.com\/wordpress\/plugins\/seo\/ -->\n<title>Popusti - Homeogarden<\/title>\n<meta name=\"robots\" content=\"noindex, follow, max-snippet:-1, max-image-preview:large, max-video-preview:-1\" \/>\n<meta property=\"og:locale\" content=\"sl_SI\" \/>\n<meta property=\"og:type\" content=\"article\" \/>\n<meta property=\"og:title\" content=\"Popusti\" \/>\n<meta property=\"og:description\" content=\"&nbsp; [awdr_sale_items_list] &nbsp;\" \/>\n<meta property=\"og:url\" content=\"https:\/\/dev.homeogarden.com\/sl\/popusti\/\" \/>\n<meta property=\"og:site_name\" content=\"Homeogarden\" \/>\n<meta property=\"article:publisher\" content=\"https:\/\/www.facebook.com\/Homeogarden.slovenija\" \/>\n<meta property=\"article:modified_time\" content=\"2024-12-12T09:49:55+00:00\" \/>\n<meta property=\"og:image\" content=\"https:\/\/dev.homeogarden.com\/sl\/wp-content\/uploads\/sites\/2\/2024\/10\/vrtickarski-nasveti-1-440x427-1.jpg\" \/>\n\t<meta property=\"og:image:width\" content=\"440\" \/>\n\t<meta property=\"og:image:height\" content=\"427\" \/>\n\t<meta property=\"og:image:type\" content=\"image\/jpeg\" \/>\n<meta name=\"twitter:card\" content=\"summary_large_image\" \/>\n<script type=\"application\/ld+json\" class=\"yoast-schema-graph\">{\"@context\":\"https:\/\/schema.org\",\"@graph\":[{\"@type\":\"WebPage\",\"@id\":\"https:\/\/dev.homeogarden.com\/sl\/popusti\/\",\"url\":\"https:\/\/dev.homeogarden.com\/sl\/popusti\/\",\"name\":\"Popusti - Homeogarden\",\"isPartOf\":{\"@id\":\"https:\/\/dev.homeogarden.com\/sl\/#website\"},\"datePublished\":\"2024-07-31T06:23:01+00:00\",\"dateModified\":\"2024-12-12T09:49:55+00:00\",\"breadcrumb\":{\"@id\":\"https:\/\/dev.homeogarden.com\/sl\/popusti\/#breadcrumb\"},\"inLanguage\":\"sl-SI\",\"potentialAction\":[{\"@type\":\"ReadAction\",\"target\":[\"https:\/\/dev.homeogarden.com\/sl\/popusti\/\"]}]},{\"@type\":\"BreadcrumbList\",\"@id\":\"https:\/\/dev.homeogarden.com\/sl\/popusti\/#breadcrumb\",\"itemListElement\":[{\"@type\":\"ListItem\",\"position\":1,\"name\":\"Domov\",\"item\":\"https:\/\/dev.homeogarden.com\/sl\/\"},{\"@type\":\"ListItem\",\"position\":2,\"name\":\"Popusti\"}]},{\"@type\":\"WebSite\",\"@id\":\"https:\/\/dev.homeogarden.com\/sl\/#website\",\"url\":\"https:\/\/dev.homeogarden.com\/sl\/\",\"name\":\"Homeogarden.com\",\"description\":\"Ustvarjamo naravno okolje\",\"publisher\":{\"@id\":\"https:\/\/dev.homeogarden.com\/sl\/#organization\"},\"potentialAction\":[{\"@type\":\"SearchAction\",\"target\":{\"@type\":\"EntryPoint\",\"urlTemplate\":\"https:\/\/dev.homeogarden.com\/sl\/?s={search_term_string}\"},\"query-input\":{\"@type\":\"PropertyValueSpecification\",\"valueRequired\":true,\"valueName\":\"search_term_string\"}}],\"inLanguage\":\"sl-SI\"},{\"@type\":\"Organization\",\"@id\":\"https:\/\/dev.homeogarden.com\/sl\/#organization\",\"name\":\"Homeogarden\",\"url\":\"https:\/\/dev.homeogarden.com\/sl\/\",\"logo\":{\"@type\":\"ImageObject\",\"inLanguage\":\"sl-SI\",\"@id\":\"https:\/\/dev.homeogarden.com\/sl\/#\/schema\/logo\/image\/\",\"url\":\"https:\/\/dev.homeogarden.com\/sl\/wp-content\/uploads\/sites\/2\/2024\/12\/HomeOgarden-logo.jpg\",\"contentUrl\":\"https:\/\/dev.homeogarden.com\/sl\/wp-content\/uploads\/sites\/2\/2024\/12\/HomeOgarden-logo.jpg\",\"width\":1200,\"height\":1200,\"caption\":\"Homeogarden\"},\"image\":{\"@id\":\"https:\/\/dev.homeogarden.com\/sl\/#\/schema\/logo\/image\/\"},\"sameAs\":[\"https:\/\/www.facebook.com\/Homeogarden.slovenija\"]}]}<\/script>\n<meta property=\"og:availability\" content=\"instock\" \/>\n<meta property=\"product:availability\" content=\"instock\" \/>\n<meta property=\"product:condition\" content=\"new\" \/>\n<!-- \/ Yoast SEO Premium plugin. -->","yoast_head_json":{"title":"Popusti - Homeogarden","robots":{"index":"noindex","follow":"follow","max-snippet":"max-snippet:-1","max-image-preview":"max-image-preview:large","max-video-preview":"max-video-preview:-1"},"og_locale":"sl_SI","og_type":"article","og_title":"Popusti","og_description":"&nbsp; [awdr_sale_items_list] &nbsp;","og_url":"https:\/\/dev.homeogarden.com\/sl\/popusti\/","og_site_name":"Homeogarden","article_publisher":"https:\/\/www.facebook.com\/Homeogarden.slovenija","article_modified_time":"2024-12-12T09:49:55+00:00","og_image":[{"width":440,"height":427,"url":"https:\/\/dev.homeogarden.com\/sl\/wp-content\/uploads\/sites\/2\/2024\/10\/vrtickarski-nasveti-1-440x427-1.jpg","type":"image\/jpeg"}],"twitter_card":"summary_large_image","schema":{"@context":"https:\/\/schema.org","@graph":[{"@type":"WebPage","@id":"https:\/\/dev.homeogarden.com\/sl\/popusti\/","url":"https:\/\/dev.homeogarden.com\/sl\/popusti\/","name":"Popusti - Homeogarden","isPartOf":{"@id":"https:\/\/dev.homeogarden.com\/sl\/#website"},"datePublished":"2024-07-31T06:23:01+00:00","dateModified":"2024-12-12T09:49:55+00:00","breadcrumb":{"@id":"https:\/\/dev.homeogarden.com\/sl\/popusti\/#breadcrumb"},"inLanguage":"sl-SI","potentialAction":[{"@type":"ReadAction","target":["https:\/\/dev.homeogarden.com\/sl\/popusti\/"]}]},{"@type":"BreadcrumbList","@id":"https:\/\/dev.homeogarden.com\/sl\/popusti\/#breadcrumb","itemListElement":[{"@type":"ListItem","position":1,"name":"Domov","item":"https:\/\/dev.homeogarden.com\/sl\/"},{"@type":"ListItem","position":2,"name":"Popusti"}]},{"@type":"WebSite","@id":"https:\/\/dev.homeogarden.com\/sl\/#website","url":"https:\/\/dev.homeogarden.com\/sl\/","name":"Homeogarden.com","description":"Ustvarjamo naravno okolje","publisher":{"@id":"https:\/\/dev.homeogarden.com\/sl\/#organization"},"potentialAction":[{"@type":"SearchAction","target":{"@type":"EntryPoint","urlTemplate":"https:\/\/dev.homeogarden.com\/sl\/?s={search_term_string}"},"query-input":{"@type":"PropertyValueSpecification","valueRequired":true,"valueName":"search_term_string"}}],"inLanguage":"sl-SI"},{"@type":"Organization","@id":"https:\/\/dev.homeogarden.com\/sl\/#organization","name":"Homeogarden","url":"https:\/\/dev.homeogarden.com\/sl\/","logo":{"@type":"ImageObject","inLanguage":"sl-SI","@id":"https:\/\/dev.homeogarden.com\/sl\/#\/schema\/logo\/image\/","url":"https:\/\/dev.homeogarden.com\/sl\/wp-content\/uploads\/sites\/2\/2024\/12\/HomeOgarden-logo.jpg","contentUrl":"https:\/\/dev.homeogarden.com\/sl\/wp-content\/uploads\/sites\/2\/2024\/12\/HomeOgarden-logo.jpg","width":1200,"height":1200,"caption":"Homeogarden"},"image":{"@id":"https:\/\/dev.homeogarden.com\/sl\/#\/schema\/logo\/image\/"},"sameAs":["https:\/\/www.facebook.com\/Homeogarden.slovenija"]}]},"og_availability":"instock","product_availability":"instock","product_condition":"new"},"_links":{"self":[{"href":"https:\/\/dev.homeogarden.com\/sl\/wp-json\/wp\/v2\/pages\/449","targetHints":{"allow":["GET"]}}],"collection":[{"href":"https:\/\/dev.homeogarden.com\/sl\/wp-json\/wp\/v2\/pages"}],"about":[{"href":"https:\/\/dev.homeogarden.com\/sl\/wp-json\/wp\/v2\/types\/page"}],"author":[{"embeddable":true,"href":"https:\/\/dev.homeogarden.com\/sl\/wp-json\/wp\/v2\/users\/1"}],"replies":[{"embeddable":true,"href":"https:\/\/dev.homeogarden.com\/sl\/wp-json\/wp\/v2\/comments?post=449"}],"version-history":[{"count":0,"href":"https:\/\/dev.homeogarden.com\/sl\/wp-json\/wp\/v2\/pages\/449\/revisions"}],"wp:attachment":[{"href":"https:\/\/dev.homeogarden.com\/sl\/wp-json\/wp\/v2\/media?parent=449"}],"curies":[{"name":"wp","href":"https:\/\/api.w.org\/{rel}","templated":true}]}}